{"id":1723,"date":"2023-11-27T11:38:08","date_gmt":"2023-11-27T11:38:08","guid":{"rendered":"https:\/\/priceless-sinoussi.217-160-21-24.plesk.page\/producto\/cojinete-de-empuje\/"},"modified":"2024-01-05T14:12:05","modified_gmt":"2024-01-05T14:12:05","slug":"cojinete-de-empuje","status":"publish","type":"product","link":"https:\/\/priceless-sinoussi.217-160-21-24.plesk.page\/?product=cojinete-de-empuje","title":{"rendered":"COJINETE DE EMPUJE"},"content":{"rendered":"<p>COJINETE DE EMPUJE MAZA DE DIAFRAGMA<\/p>\n<p><b>Nota Importante:<\/b><span style=\"font-weight: 400;\"> Si en el momento de la compra o encargo a nuestros proveedores del mismo (producto),\u00a0 y en el caso que no haya disponibilidad o existencias del mismo con nuestro proveedor, se le comunicar\u00e1 de manera inmediata al comprador, y se proceder\u00e1 a la devoluci\u00f3n del importe pagado por el mismo a trav\u00e9s de nuestra tienda online, la no disponibilidad del producto por parte de nuestro proveedor y que esto nos impida cumplir con el pedido al cliente, no da derecho al comprador a reclamaci\u00f3n o indemnizaci\u00f3n por el mismo, se entiende que el comprador en nuestra tienda \u201cwww.almijocar.es\u201d, se da por informado, entiende y acepta estas condiciones.<\/span><\/p>\n","protected":false},"excerpt":{"rendered":"<p>COJINETE DE EMPUJE<\/p>\n","protected":false},"featured_media":1502,"comment_status":"closed","ping_status":"open","template":"","meta":{"inline_featured_image":false,"_uag_custom_page_level_css":"","site-sidebar-layout":"default","site-content-layout":"","ast-site-content-layout":"default","site-content-style":"default","site-sidebar-style":"default","ast-global-header-display":"","ast-banner-title-visibility":"","ast-main-header-display":"","ast-hfb-above-header-display":"","ast-hfb-below-header-display":"","ast-hfb-mobile-header-display":"","site-post-title":"","ast-breadcrumbs-content":"","ast-featured-img":"","footer-sml-layout":"","ast-disable-related-posts":"","theme-transparent-header-meta":"","adv-header-id-meta":"","stick-header-meta":"","header-above-stick-meta":"","header-main-stick-meta":"","header-below-stick-meta":"","astra-migrate-meta-layouts":"default","ast-page-background-enabled":"default","ast-page-background-meta":{"desktop":{"background-color":"var(--ast-global-color-4)","background-image":"","background-repeat":"repeat","background-position":"center center","background-size":"auto","background-attachment":"scroll","background-type":"","background-media":"","overlay-type":"","overlay-color":"","overlay-opacity":"","overlay-gradient":""},"tablet":{"background-color":"","background-image":"","background-repeat":"repeat","background-position":"center center","background-size":"auto","background-attachment":"scroll","background-type":"","background-media":"","overlay-type":"","overlay-color":"","overlay-opacity":"","overlay-gradient":""},"mobile":{"background-color":"","background-image":"","background-repeat":"repeat","background-position":"center center","background-size":"auto","background-attachment":"scroll","background-type":"","background-media":"","overlay-type":"","overlay-color":"","overlay-opacity":"","overlay-gradient":""}},"ast-content-background-meta":{"desktop":{"background-color":"var(--ast-global-color-5)","background-image":"","background-repeat":"repeat","background-position":"center center","background-size":"auto","background-attachment":"scroll","background-type":"","background-media":"","overlay-type":"","overlay-color":"","overlay-opacity":"","overlay-gradient":""},"tablet":{"background-color":"var(--ast-global-color-5)","background-image":"","background-repeat":"repeat","background-position":"center center","background-size":"auto","background-attachment":"scroll","background-type":"","background-media":"","overlay-type":"","overlay-color":"","overlay-opacity":"","overlay-gradient":""},"mobile":{"background-color":"var(--ast-global-color-5)","background-image":"","background-repeat":"repeat","background-position":"center center","background-size":"auto","background-attachment":"scroll","background-type":"","background-media":"","overlay-type":"","overlay-color":"","overlay-opacity":"","overlay-gradient":""}},"_joinchat":[]},"product_cat":[19],"product_tag":[],"class_list":{"0":"post-1723","1":"product","2":"type-product","3":"status-publish","4":"has-post-thumbnail","6":"product_cat-repuestos","7":"desktop-align-center","8":"tablet-align-left","9":"mobile-align-center","10":"ast-product-gallery-layout-horizontal-slider","11":"ast-product-gallery-with-no-image","12":"ast-product-tabs-layout-horizontal","13":"ast-qv-on-image","15":"first","16":"instock","17":"purchasable","18":"product-type-simple"},"uagb_featured_image_src":{"full":["https:\/\/priceless-sinoussi.217-160-21-24.plesk.page\/wp-content\/uploads\/2023\/11\/742490.jpg",800,800,false],"thumbnail":["https:\/\/priceless-sinoussi.217-160-21-24.plesk.page\/wp-content\/uploads\/2023\/11\/742490-150x150.jpg",150,150,true],"medium":["https:\/\/priceless-sinoussi.217-160-21-24.plesk.page\/wp-content\/uploads\/2023\/11\/742490-300x300.jpg",300,300,true],"medium_large":["https:\/\/priceless-sinoussi.217-160-21-24.plesk.page\/wp-content\/uploads\/2023\/11\/742490-768x768.jpg",768,768,true],"large":["https:\/\/priceless-sinoussi.217-160-21-24.plesk.page\/wp-content\/uploads\/2023\/11\/742490.jpg",800,800,false],"1536x1536":["https:\/\/priceless-sinoussi.217-160-21-24.plesk.page\/wp-content\/uploads\/2023\/11\/742490.jpg",800,800,false],"2048x2048":["https:\/\/priceless-sinoussi.217-160-21-24.plesk.page\/wp-content\/uploads\/2023\/11\/742490.jpg",800,800,false],"woocommerce_thumbnail":["https:\/\/priceless-sinoussi.217-160-21-24.plesk.page\/wp-content\/uploads\/2023\/11\/742490-300x300.jpg",300,300,true],"woocommerce_single":["https:\/\/priceless-sinoussi.217-160-21-24.plesk.page\/wp-content\/uploads\/2023\/11\/742490-600x600.jpg",600,600,true],"woocommerce_gallery_thumbnail":["https:\/\/priceless-sinoussi.217-160-21-24.plesk.page\/wp-content\/uploads\/2023\/11\/742490-100x100.jpg",100,100,true]},"uagb_author_info":{"display_name":"javi","author_link":"https:\/\/priceless-sinoussi.217-160-21-24.plesk.page\/author"},"uagb_comment_info":0,"uagb_excerpt":"COJINETE DE EMPUJE","_links":{"self":[{"href":"https:\/\/priceless-sinoussi.217-160-21-24.plesk.page\/index.php?rest_route=\/wp\/v2\/product\/1723","targetHints":{"allow":["GET"]}}],"collection":[{"href":"https:\/\/priceless-sinoussi.217-160-21-24.plesk.page\/index.php?rest_route=\/wp\/v2\/product"}],"about":[{"href":"https:\/\/priceless-sinoussi.217-160-21-24.plesk.page\/index.php?rest_route=\/wp\/v2\/types\/product"}],"replies":[{"embeddable":true,"href":"https:\/\/priceless-sinoussi.217-160-21-24.plesk.page\/index.php?rest_route=%2Fwp%2Fv2%2Fcomments&post=1723"}],"wp:featuredmedia":[{"embeddable":true,"href":"https:\/\/priceless-sinoussi.217-160-21-24.plesk.page\/index.php?rest_route=\/wp\/v2\/media\/1502"}],"wp:attachment":[{"href":"https:\/\/priceless-sinoussi.217-160-21-24.plesk.page\/index.php?rest_route=%2Fwp%2Fv2%2Fmedia&parent=1723"}],"wp:term":[{"taxonomy":"product_cat","embeddable":true,"href":"https:\/\/priceless-sinoussi.217-160-21-24.plesk.page\/index.php?rest_route=%2Fwp%2Fv2%2Fproduct_cat&post=1723"},{"taxonomy":"product_tag","embeddable":true,"href":"https:\/\/priceless-sinoussi.217-160-21-24.plesk.page\/index.php?rest_route=%2Fwp%2Fv2%2Fproduct_tag&post=1723"}],"curies":[{"name":"wp","href":"https:\/\/api.w.org\/{rel}","templated":true}]}}