{"id":2055,"date":"2024-01-05T13:08:57","date_gmt":"2024-01-05T13:08:57","guid":{"rendered":"https:\/\/priceless-sinoussi.217-160-21-24.plesk.page\/?page_id=2055"},"modified":"2024-01-05T13:08:59","modified_gmt":"2024-01-05T13:08:59","slug":"condiciones-generales-de-garantia","status":"publish","type":"page","link":"https:\/\/priceless-sinoussi.217-160-21-24.plesk.page\/?page_id=2055","title":{"rendered":"Condiciones generales de garant\u00eda"},"content":{"rendered":"\n<p><strong>CONDICIONES GENERALES DE GARANT\u00cdA&nbsp;<\/strong><\/p>\n\n\n\n<p>La garant\u00eda del fabricante cubre los defectos de fabricaci\u00f3n de los componentes&nbsp;<\/p>\n\n\n\n<p>de la m\u00e1quina o sus materiales, a excepci\u00f3n del desgaste de sus elementos&nbsp;<\/p>\n\n\n\n<p>consumibles debidos al mero uso, comprendi\u00e9ndose en la garant\u00eda, los costes de&nbsp;<\/p>\n\n\n\n<p>piezas y materiales, los gastos de env\u00edo de dichas piezas desde la f\u00e1brica hasta la&nbsp;<\/p>\n\n\n\n<p>sede f\u00edsica del Servicio T\u00e9cnico Oficial ALMIJOCAR SL y los gastos de mano de obra que&nbsp; conlleve la reparaci\u00f3n, as\u00ed como todos los dem\u00e1s gastos para la reparaci\u00f3n o&nbsp; sustituci\u00f3n de la m\u00e1quina cuya necesidad se pongan de manifiesto, una vez el&nbsp; consumidor deposite la m\u00e1quina en el taller del Servicio T\u00e9cnico Oficial ALMIJOCAR SL. El mal&nbsp; uso de la m\u00e1quina, contraviniendo la propia naturaleza y&nbsp;<\/p>\n\n\n\n<p>funci\u00f3n de esta, no haber le\u00eddo las \u201cInstrucciones de Uso\u201d contenidas en el manual&nbsp;<\/p>\n\n\n\n<p>que se acompa\u00f1an en el embalaje original, y la reparaci\u00f3n o sustituci\u00f3n de alguna&nbsp;<\/p>\n\n\n\n<p>de las piezas fuera del Servicio T\u00e9cnico Oficial de la marca, excluir\u00e1 de forma&nbsp;<\/p>\n\n\n\n<p>autom\u00e1tica la garant\u00eda contenida en el p\u00e1rrafo precedente.<\/p>\n\n\n\n<p>En caso de m\u00e1quinas no comercializadas por ALMIJOCAR SL o cualquiera de sus canales de distribuci\u00f3n, la garant\u00eda deber\u00e1 ser reclamada al vendedor del producto.<\/p>\n\n\n\n<p>\u2756 GARANT\u00cdA LIMITADA:<\/p>\n\n\n\n<p>1. Uso particular, 3 a\u00f1os&nbsp;<\/p>\n\n\n\n<p>2. Uso profesional, intensivo 1 a\u00f1o&nbsp;<\/p>\n\n\n\n<p>3. Alquiler, 6 meses.&nbsp;<\/p>\n\n\n\n<p>4. Transmisiones de m\u00e1quinas de uso profesional, intensivo y alquiler, 6 meses.&nbsp;<\/p>\n\n\n\n<p>5. Bater\u00edas, 6 meses&nbsp;<\/p>\n\n\n\n<p>6. Robots cortac\u00e9sped 3 a\u00f1os, bater\u00edas del robot 1 a\u00f1o&nbsp;<\/p>\n\n\n\n<p>\u2756CONDICIONES DE LA GARANT\u00cdA<\/p>\n\n\n\n<p>ALMIJOCAR SL&nbsp; cambiar\u00e1 gratuitamente las piezas consideradas defectuosas durante los tiempos estipulados anteriormente.<\/p>\n\n\n\n<p>\u2756ALMIJOCAR SL&nbsp; declinan cualquier responsabilidad en los siguientes casos:<\/p>\n\n\n\n<p>1. -Cuando las piezas de origen hayan sido reemplazadas por otras que no lo sean. 2. -Cuando la aver\u00eda haya sido causada por falta de mantenimiento o un uso inadecuado (sobrecarga)&nbsp;<\/p>\n\n\n\n<p>3. -Cuando las revisiones no hayan sido efectuadas seg\u00fan el manual del usuario que se entrega con la m\u00e1quina.<\/p>\n\n\n\n<p>4. -En las piezas sujetas a un desgaste por uso tales como: instrumentos o accesorios el\u00e9ctricos, juntas, cables, interruptores, cuchillas, soportes de cuchilla, buj\u00edas, ferodos de freno, embragues, c\u00e1maras, neum\u00e1ticos, correas, rodamientos, etc.<\/p>\n\n\n\n<p>5. -Puesta en funcionamiento y ajuste de carburador.<\/p>\n\n\n\n<p>\u2756 REQUISITOS PARA GARANTIA<\/p>\n\n\n\n<p>1\/. NUMERO DE SERIE Y MODELO<\/p>\n\n\n\n<p>2\/. FECHA DE VENTA&nbsp;<\/p>\n\n\n\n<p>3\/. TICKET, FACTURA O JUSTIFICANTE DE COMPRA&nbsp;<\/p>\n\n\n\n<p>4\/. NOMBRE DEL USUARIO.&nbsp;<\/p>\n\n\n\n<p>5\/. TIPO Y TIEMPO DE USO&nbsp;<\/p>\n\n\n\n<p>6\/.LA FALTA DE CUALQUIERA DE ESTOS DATOS NO PERMITIR\u00c1 LA TRAMITACI\u00d3N DE LA GARANT\u00cdA.<\/p>\n\n\n\n<p>Dichos datos habr\u00e1n de remitidos junto con su factura de reparaci\u00f3n, al correo: <a href=\"mailto:ALMIJOCARRECAMBIOS@GMAIL.COM\">ALMIJOCARRECAMBIOS@GMAIL.COM<\/a><\/p>\n\n\n\n<p>Para cualquier duda o consulta llamar al tel\u00e9fono: 886 143 383<\/p>\n\n\n\n<p>Departamento T\u00e9cnico ALMIJOCAR SL<\/p>\n\n\n\n<p>01\/12\/2023<\/p>\n","protected":false},"excerpt":{"rendered":"<p>CONDICIONES GENERALES DE GARANT\u00cdA&nbsp; La garant\u00eda del fabricante cubre los defectos de fabricaci\u00f3n de los componentes&nbsp; de la m\u00e1quina o sus materiales, a excepci\u00f3n del desgaste de sus elementos&nbsp; consumibles debidos al mero uso, comprendi\u00e9ndose en la garant\u00eda, los costes de&nbsp; piezas y materiales, los gastos de env\u00edo de dichas piezas desde la f\u00e1brica hasta [&hellip;]<\/p>\n","protected":false},"author":5,"featured_media":0,"parent":0,"menu_order":0,"comment_status":"closed","ping_status":"closed","template":"","meta":{"inline_featured_image":false,"_uag_custom_page_level_css":"","site-sidebar-layout":"default","site-content-layout":"","ast-site-content-layout":"default","site-content-style":"default","site-sidebar-style":"default","ast-global-header-display":"","ast-banner-title-visibility":"","ast-main-header-display":"","ast-hfb-above-header-display":"","ast-hfb-below-header-display":"","ast-hfb-mobile-header-display":"","site-post-title":"","ast-breadcrumbs-content":"","ast-featured-img":"","footer-sml-layout":"","ast-disable-related-posts":"","theme-transparent-header-meta":"","adv-header-id-meta":"","stick-header-meta":"","header-above-stick-meta":"","header-main-stick-meta":"","header-below-stick-meta":"","astra-migrate-meta-layouts":"set","ast-page-background-enabled":"default","ast-page-background-meta":{"desktop":{"background-color":"var(--ast-global-color-4)","background-image":"","background-repeat":"repeat","background-position":"center center","background-size":"auto","background-attachment":"scroll","background-type":"","background-media":"","overlay-type":"","overlay-color":"","overlay-opacity":"","overlay-gradient":""},"tablet":{"background-color":"","background-image":"","background-repeat":"repeat","background-position":"center center","background-size":"auto","background-attachment":"scroll","background-type":"","background-media":"","overlay-type":"","overlay-color":"","overlay-opacity":"","overlay-gradient":""},"mobile":{"background-color":"","background-image":"","background-repeat":"repeat","background-position":"center center","background-size":"auto","background-attachment":"scroll","background-type":"","background-media":"","overlay-type":"","overlay-color":"","overlay-opacity":"","overlay-gradient":""}},"ast-content-background-meta":{"desktop":{"background-color":"var(--ast-global-color-5)","background-image":"","background-repeat":"repeat","background-position":"center center","background-size":"auto","background-attachment":"scroll","background-type":"","background-media":"","overlay-type":"","overlay-color":"","overlay-opacity":"","overlay-gradient":""},"tablet":{"background-color":"var(--ast-global-color-5)","background-image":"","background-repeat":"repeat","background-position":"center center","background-size":"auto","background-attachment":"scroll","background-type":"","background-media":"","overlay-type":"","overlay-color":"","overlay-opacity":"","overlay-gradient":""},"mobile":{"background-color":"var(--ast-global-color-5)","background-image":"","background-repeat":"repeat","background-position":"center center","background-size":"auto","background-attachment":"scroll","background-type":"","background-media":"","overlay-type":"","overlay-color":"","overlay-opacity":"","overlay-gradient":""}},"_joinchat":[],"footnotes":""},"class_list":["post-2055","page","type-page","status-publish","hentry"],"uagb_featured_image_src":{"full":false,"thumbnail":false,"medium":false,"medium_large":false,"large":false,"1536x1536":false,"2048x2048":false,"woocommerce_thumbnail":false,"woocommerce_single":false,"woocommerce_gallery_thumbnail":false},"uagb_author_info":{"display_name":"javi","author_link":"https:\/\/priceless-sinoussi.217-160-21-24.plesk.page\/author\/javi"},"uagb_comment_info":0,"uagb_excerpt":"CONDICIONES GENERALES DE GARANT\u00cdA&nbsp; La garant\u00eda del fabricante cubre los defectos de fabricaci\u00f3n de los componentes&nbsp; de la m\u00e1quina o sus materiales, a excepci\u00f3n del desgaste de sus elementos&nbsp; consumibles debidos al mero uso, comprendi\u00e9ndose en la garant\u00eda, los costes de&nbsp; piezas y materiales, los gastos de env\u00edo de dichas piezas desde la f\u00e1brica hasta&hellip;","_links":{"self":[{"href":"https:\/\/priceless-sinoussi.217-160-21-24.plesk.page\/index.php?rest_route=\/wp\/v2\/pages\/2055","targetHints":{"allow":["GET"]}}],"collection":[{"href":"https:\/\/priceless-sinoussi.217-160-21-24.plesk.page\/index.php?rest_route=\/wp\/v2\/pages"}],"about":[{"href":"https:\/\/priceless-sinoussi.217-160-21-24.plesk.page\/index.php?rest_route=\/wp\/v2\/types\/page"}],"author":[{"embeddable":true,"href":"https:\/\/priceless-sinoussi.217-160-21-24.plesk.page\/index.php?rest_route=\/wp\/v2\/users\/5"}],"replies":[{"embeddable":true,"href":"https:\/\/priceless-sinoussi.217-160-21-24.plesk.page\/index.php?rest_route=%2Fwp%2Fv2%2Fcomments&post=2055"}],"version-history":[{"count":1,"href":"https:\/\/priceless-sinoussi.217-160-21-24.plesk.page\/index.php?rest_route=\/wp\/v2\/pages\/2055\/revisions"}],"predecessor-version":[{"id":2056,"href":"https:\/\/priceless-sinoussi.217-160-21-24.plesk.page\/index.php?rest_route=\/wp\/v2\/pages\/2055\/revisions\/2056"}],"wp:attachment":[{"href":"https:\/\/priceless-sinoussi.217-160-21-24.plesk.page\/index.php?rest_route=%2Fwp%2Fv2%2Fmedia&parent=2055"}],"curies":[{"name":"wp","href":"https:\/\/api.w.org\/{rel}","templated":true}]}}