{"id":16,"date":"2023-08-14T06:25:57","date_gmt":"2023-08-14T06:25:57","guid":{"rendered":"https:\/\/priceless-sinoussi.217-160-21-24.plesk.page\/?page_id=16"},"modified":"2023-11-28T09:56:16","modified_gmt":"2023-11-28T09:56:16","slug":"nosotros","status":"publish","type":"page","link":"https:\/\/priceless-sinoussi.217-160-21-24.plesk.page\/?page_id=16","title":{"rendered":"Nosotros"},"content":{"rendered":"\n<div class=\"wp-block-uagb-container uagb-block-4c3875af alignfull uagb-is-root-container\"><div class=\"uagb-container-inner-blocks-wrap\">\n<div class=\"wp-block-uagb-advanced-heading uagb-block-36237826\"><h1 class=\"uagb-heading-text\">Sobre nosotros<\/h1><\/div>\n<\/div><\/div>\n\n\n\n<div class=\"wp-block-uagb-container uagb-block-5cf03063 alignfull uagb-is-root-container\"><div class=\"uagb-container-inner-blocks-wrap\">\n<div class=\"wp-block-uagb-container uagb-block-a7808f99\">\n<div class=\"wp-block-uagb-image uagb-block-6d75d68d wp-block-uagb-image--layout-default wp-block-uagb-image--effect-static wp-block-uagb-image--align-none\"><figure class=\"wp-block-uagb-image__figure\"><img decoding=\"async\" srcset=\"https:\/\/priceless-sinoussi.217-160-21-24.plesk.page\/wp-content\/uploads\/2023\/11\/CARRARO-1024x764.jpg ,https:\/\/priceless-sinoussi.217-160-21-24.plesk.page\/wp-content\/uploads\/2023\/11\/CARRARO.jpg 780w, https:\/\/priceless-sinoussi.217-160-21-24.plesk.page\/wp-content\/uploads\/2023\/11\/CARRARO.jpg 360w\" sizes=\"auto, (max-width: 480px) 150px\" src=\"https:\/\/priceless-sinoussi.217-160-21-24.plesk.page\/wp-content\/uploads\/2023\/11\/CARRARO-1024x764.jpg\" alt=\"\" class=\"uag-image-1373\" width=\"540\" height=\"605\" title=\"\" loading=\"lazy\"\/><\/figure><\/div>\n<\/div>\n\n\n\n<div class=\"wp-block-uagb-container uagb-block-05150e62\">\n<div class=\"wp-block-uagb-advanced-heading uagb-block-b0bb1952\"><h6 class=\"uagb-heading-text\">Autenticidad y experiencia<\/h6><\/div>\n\n\n\n<div class=\"wp-block-uagb-advanced-heading uagb-block-a2b3848d\"><h2 class=\"uagb-heading-text\">Qui\u00e9nes somos<\/h2><p class=\"uagb-desc-text\">En Almijocar SL, somos una empresa con una larga trayectoria en la industria, dedicada a la venta y reparaci\u00f3n de maquinaria agr\u00edcola, forestal y de jardiner\u00eda. <br><br>Estamos orgullosos de ser el Servicio de Asistencia T\u00e9cnica (SAT) oficial para m\u00faltiples marcas de renombre, incluyendo STIGA, CASTELGARDEN, OMEGA, MONTFIELD y MTD. <br><br>Nuestra experiencia de m\u00e1s de 30 a\u00f1os y el conocimiento en el \u00e1rea nos han permitido convertirnos en un referente en el sector, brindando soluciones a agricultores, forestales, paisajistas y amantes de la jardiner\u00eda. <\/p><\/div>\n<\/div>\n<\/div><\/div>\n\n\n\n<div class=\"wp-block-uagb-container uagb-block-c85e0658 alignfull uagb-is-root-container\"><div class=\"uagb-container-inner-blocks-wrap\">\n<div class=\"wp-block-uagb-container uagb-block-671737c5\">\n<div class=\"wp-block-uagb-info-box uagb-block-b741452b uagb-infobox__content-wrap  uagb-infobox-icon-above-title uagb-infobox-image-valign-top\"><div class=\"uagb-ifb-content\"><div class=\"uagb-ifb-title-wrap\"><span class=\"uagb-ifb-title-prefix\">Nuestra historia<\/span><h2 class=\"uagb-ifb-title\">Una D\u00e9cada de Crecimiento y Alianzas Estrat\u00e9gicas<\/h2><\/div><p class=\"uagb-ifb-desc\">Desde nuestros inicios en 2013, fuimos nombrados concesionario oficial de AGRIA y Agrimac para la provincia de Pontevedra. A lo largo de los a\u00f1os, hemos ampliado nuestro cat\u00e1logo de productos y servicios, incluyendo la distribuci\u00f3n de marcas l\u00edderes como ANOVA, HONDA y ECHO. En 2022, dimos un gran paso al convertirnos en taller colaborador de New Holland para el sur de Pontevedra. <br><br>Esta asociaci\u00f3n nos permiti\u00f3 ampliar a\u00fan m\u00e1s nuestro compromiso con la calidad y la excelencia en el servicio. Y en 2023, continuamos creciendo al llegar a un emocionante acuerdo de colaboraci\u00f3n con Antonio Carraro y Alfa Casper, lo que dio paso a la introducci\u00f3n de los innovadores Robot Cortac\u00e9sped para ofrecer soluciones modernas y eficientes en el cuidado de tu jard\u00edn.<\/p><\/div><\/div>\n\n\n\n<div class=\"wp-block-uagb-container uagb-block-cbe13e5e\">\n<div class=\"wp-block-uagb-buttons uagb-buttons__outer-wrap uagb-btn__default-btn uagb-btn-tablet__default-btn uagb-btn-mobile__default-btn uagb-block-6bf5b960\"><div class=\"uagb-buttons__wrap uagb-buttons-layout-wrap\">\n<div class=\"wp-block-uagb-buttons-child uagb-buttons__outer-wrap uagb-block-6f0e21b5 wp-block-button\"><div class=\"uagb-button__wrapper\"><a class=\"uagb-buttons-repeater wp-block-button__link\" href=\"https:\/\/priceless-sinoussi.217-160-21-24.plesk.page\/contacto\/\" onclick=\"return true;\" rel=\"follow noopener\" target=\"_self\"><div class=\"uagb-button__link\">cont\u00e1ctanos<\/div><\/a><\/div><\/div>\n<\/div><\/div>\n<\/div>\n<\/div>\n\n\n\n<div class=\"wp-block-uagb-container uagb-block-1a06a36f\">\n<div class=\"wp-block-uagb-image aligncenter uagb-block-a08ede16 wp-block-uagb-image--layout-default wp-block-uagb-image--effect-static wp-block-uagb-image--align-center\"><figure class=\"wp-block-uagb-image__figure\"><img decoding=\"async\" srcset=\"https:\/\/priceless-sinoussi.217-160-21-24.plesk.page\/wp-content\/uploads\/2023\/11\/Diseno-sin-titulo-576x1024.png ,https:\/\/priceless-sinoussi.217-160-21-24.plesk.page\/wp-content\/uploads\/2023\/11\/Diseno-sin-titulo.png 780w, https:\/\/priceless-sinoussi.217-160-21-24.plesk.page\/wp-content\/uploads\/2023\/11\/Diseno-sin-titulo.png 360w\" sizes=\"auto, (max-width: 480px) 150px\" src=\"https:\/\/priceless-sinoussi.217-160-21-24.plesk.page\/wp-content\/uploads\/2023\/11\/Diseno-sin-titulo-576x1024.png\" alt=\"\" class=\"uag-image-1442\" width=\"320\" height=\"568\" title=\"\" loading=\"lazy\"\/><\/figure><\/div>\n<\/div>\n<\/div><\/div>\n\n\n\n<div class=\"wp-block-uagb-container uagb-block-edae5b83 alignfull uagb-is-root-container\"><div class=\"uagb-container-inner-blocks-wrap\">\n<div class=\"wp-block-uagb-advanced-heading uagb-block-64726181\"><h6 class=\"uagb-heading-text\">Nuestros valores<\/h6><\/div>\n\n\n\n<div class=\"wp-block-uagb-advanced-heading uagb-block-92588f0c\"><h2 class=\"uagb-heading-text\">Principios fundamentales<\/h2><\/div>\n\n\n\n<p>  <\/p>\n\n\n\n<div class=\"wp-block-uagb-image uagb-block-37f6c2f8 wp-block-uagb-image--layout-default wp-block-uagb-image--effect-static wp-block-uagb-image--align-none\"><figure class=\"wp-block-uagb-image__figure\"><img decoding=\"async\" srcset=\"https:\/\/priceless-sinoussi.217-160-21-24.plesk.page\/wp-content\/uploads\/2023\/11\/AGRIA-1.jpg ,https:\/\/priceless-sinoussi.217-160-21-24.plesk.page\/wp-content\/uploads\/2023\/11\/AGRIA-1.jpg 780w, https:\/\/priceless-sinoussi.217-160-21-24.plesk.page\/wp-content\/uploads\/2023\/11\/AGRIA-1.jpg 360w\" sizes=\"auto, (max-width: 480px) 150px\" src=\"https:\/\/priceless-sinoussi.217-160-21-24.plesk.page\/wp-content\/uploads\/2023\/11\/AGRIA-1.jpg\" alt=\"\" class=\"uag-image-1372\" width=\"1200\" height=\"430\" title=\"\" loading=\"lazy\"\/><\/figure><\/div>\n\n\n\n<div class=\"wp-block-uagb-container uagb-block-0f0fe2b0\">\n<div class=\"wp-block-uagb-advanced-heading uagb-block-a7766e3a\"><h4 class=\"uagb-heading-text\">Calidad<\/h4><p class=\"uagb-desc-text\">Trabajamos incansablemente para garantizar que nuestros clientes reciban la m\u00e1s alta calidad en productos y servicios.<\/p><\/div>\n\n\n\n<div class=\"wp-block-uagb-advanced-heading uagb-block-b78816fa\"><h4 class=\"uagb-heading-text\">Agilidad<\/h4><p class=\"uagb-desc-text\">Nos esforzamos por brindar r\u00e1pidamente soluciones a nuestros clientes, brindando un servicio \u00e1gil y eficiente.<\/p><\/div>\n\n\n\n<div class=\"wp-block-uagb-advanced-heading uagb-block-a5c64964\"><h4 class=\"uagb-heading-text\">Garant\u00eda<\/h4><p class=\"uagb-desc-text\">Respaldamos nuestro trabajo con una s\u00f3lida garant\u00eda para brindar tranquilidad a nuestros clientes.<\/p><\/div>\n<\/div>\n\n\n\n<div class=\"wp-block-uagb-container uagb-block-c1fa04b0 alignfull uagb-is-root-container\"><div class=\"uagb-container-inner-blocks-wrap\">\n<div class=\"wp-block-uagb-advanced-heading uagb-block-adaca492\"><h2 class=\"uagb-heading-text\">Nuestras marcas<\/h2><\/div>\n\n\n\n<p class=\"has-text-align-center\">Almijocar SL se enorgullece de representar marcas de prestigio en maquinaria agr\u00edcola y forestal. Trabajamos con l\u00edderes del sector como New Holland, ANOVA y Honda para ofrecerte lo mejor en calidad e innovaci\u00f3n.<\/p>\n\n\n\n<div class=\"wp-block-uagb-container uagb-block-2de7ae72 alignfull uagb-is-root-container\"><div class=\"uagb-container-inner-blocks-wrap\">\n<div class=\"wp-block-uagb-container uagb-block-af5a9e4a\">\n<div class=\"wp-block-uagb-image aligncenter uagb-block-1a52bfc4 wp-block-uagb-image--layout-default wp-block-uagb-image--effect-static wp-block-uagb-image--align-center\"><figure class=\"wp-block-uagb-image__figure\"><img decoding=\"async\" srcset=\"https:\/\/priceless-sinoussi.217-160-21-24.plesk.page\/wp-content\/uploads\/2023\/11\/11.png ,https:\/\/priceless-sinoussi.217-160-21-24.plesk.page\/wp-content\/uploads\/2023\/11\/11.png 780w, https:\/\/priceless-sinoussi.217-160-21-24.plesk.page\/wp-content\/uploads\/2023\/11\/11.png 360w\" sizes=\"auto, (max-width: 480px) 150px\" src=\"https:\/\/priceless-sinoussi.217-160-21-24.plesk.page\/wp-content\/uploads\/2023\/11\/11.png\" alt=\"\" class=\"uag-image-1404\" width=\"197\" height=\"79\" title=\"\" loading=\"lazy\"\/><\/figure><\/div>\n<\/div>\n\n\n\n<div class=\"wp-block-uagb-container uagb-block-eab8c317\">\n<div class=\"wp-block-uagb-image aligncenter uagb-block-c50ffe03 wp-block-uagb-image--layout-default wp-block-uagb-image--effect-static wp-block-uagb-image--align-center\"><figure class=\"wp-block-uagb-image__figure\"><img decoding=\"async\" srcset=\"https:\/\/priceless-sinoussi.217-160-21-24.plesk.page\/wp-content\/uploads\/2023\/11\/6.png ,https:\/\/priceless-sinoussi.217-160-21-24.plesk.page\/wp-content\/uploads\/2023\/11\/6.png 780w, https:\/\/priceless-sinoussi.217-160-21-24.plesk.page\/wp-content\/uploads\/2023\/11\/6.png 360w\" sizes=\"auto, (max-width: 480px) 150px\" src=\"https:\/\/priceless-sinoussi.217-160-21-24.plesk.page\/wp-content\/uploads\/2023\/11\/6.png\" alt=\"\" class=\"uag-image-1399\" width=\"169\" height=\"68\" title=\"\" loading=\"lazy\"\/><\/figure><\/div>\n<\/div>\n\n\n\n<div class=\"wp-block-uagb-container uagb-block-28fa725c\">\n<div class=\"wp-block-uagb-image aligncenter uagb-block-4b2c590a wp-block-uagb-image--layout-default wp-block-uagb-image--effect-static wp-block-uagb-image--align-center\"><figure class=\"wp-block-uagb-image__figure\"><img decoding=\"async\" srcset=\"https:\/\/priceless-sinoussi.217-160-21-24.plesk.page\/wp-content\/uploads\/2023\/11\/7.png ,https:\/\/priceless-sinoussi.217-160-21-24.plesk.page\/wp-content\/uploads\/2023\/11\/7.png 780w, https:\/\/priceless-sinoussi.217-160-21-24.plesk.page\/wp-content\/uploads\/2023\/11\/7.png 360w\" sizes=\"auto, (max-width: 480px) 150px\" src=\"https:\/\/priceless-sinoussi.217-160-21-24.plesk.page\/wp-content\/uploads\/2023\/11\/7.png\" alt=\"\" class=\"uag-image-1400\" width=\"177\" height=\"71\" title=\"\" loading=\"lazy\"\/><\/figure><\/div>\n<\/div>\n\n\n\n<div class=\"wp-block-uagb-container uagb-block-9d0d43ff\">\n<div class=\"wp-block-uagb-image aligncenter uagb-block-af90f7cd wp-block-uagb-image--layout-default wp-block-uagb-image--effect-static wp-block-uagb-image--align-center\"><figure class=\"wp-block-uagb-image__figure\"><img decoding=\"async\" srcset=\"https:\/\/priceless-sinoussi.217-160-21-24.plesk.page\/wp-content\/uploads\/2023\/11\/8.png ,https:\/\/priceless-sinoussi.217-160-21-24.plesk.page\/wp-content\/uploads\/2023\/11\/8.png 780w, https:\/\/priceless-sinoussi.217-160-21-24.plesk.page\/wp-content\/uploads\/2023\/11\/8.png 360w\" sizes=\"auto, (max-width: 480px) 150px\" src=\"https:\/\/priceless-sinoussi.217-160-21-24.plesk.page\/wp-content\/uploads\/2023\/11\/8.png\" alt=\"\" class=\"uag-image-1401\" width=\"185\" height=\"74\" title=\"\" loading=\"lazy\"\/><\/figure><\/div>\n<\/div>\n\n\n\n<div class=\"wp-block-uagb-container uagb-block-86134cef\">\n<div class=\"wp-block-uagb-image aligncenter uagb-block-bf75ffa3 wp-block-uagb-image--layout-default wp-block-uagb-image--effect-static wp-block-uagb-image--align-center\"><figure class=\"wp-block-uagb-image__figure\"><img decoding=\"async\" srcset=\"https:\/\/priceless-sinoussi.217-160-21-24.plesk.page\/wp-content\/uploads\/2023\/11\/9.png ,https:\/\/priceless-sinoussi.217-160-21-24.plesk.page\/wp-content\/uploads\/2023\/11\/9.png 780w, https:\/\/priceless-sinoussi.217-160-21-24.plesk.page\/wp-content\/uploads\/2023\/11\/9.png 360w\" sizes=\"auto, (max-width: 480px) 150px\" src=\"https:\/\/priceless-sinoussi.217-160-21-24.plesk.page\/wp-content\/uploads\/2023\/11\/9.png\" alt=\"\" class=\"uag-image-1402\" width=\"191\" height=\"76\" title=\"\" loading=\"lazy\"\/><\/figure><\/div>\n<\/div>\n\n\n\n<div class=\"wp-block-uagb-container uagb-block-d8da0ac5\">\n<div class=\"wp-block-uagb-image aligncenter uagb-block-9b5ecb32 wp-block-uagb-image--layout-default wp-block-uagb-image--effect-static wp-block-uagb-image--align-center\"><figure class=\"wp-block-uagb-image__figure\"><img decoding=\"async\" srcset=\"https:\/\/priceless-sinoussi.217-160-21-24.plesk.page\/wp-content\/uploads\/2023\/11\/10.png ,https:\/\/priceless-sinoussi.217-160-21-24.plesk.page\/wp-content\/uploads\/2023\/11\/10.png 780w, https:\/\/priceless-sinoussi.217-160-21-24.plesk.page\/wp-content\/uploads\/2023\/11\/10.png 360w\" sizes=\"auto, (max-width: 480px) 150px\" src=\"https:\/\/priceless-sinoussi.217-160-21-24.plesk.page\/wp-content\/uploads\/2023\/11\/10.png\" alt=\"\" class=\"uag-image-1403\" width=\"172\" height=\"69\" title=\"\" loading=\"lazy\"\/><\/figure><\/div>\n<\/div>\n\n\n\n<div class=\"wp-block-uagb-container uagb-block-28248c8c\">\n<div class=\"wp-block-uagb-image aligncenter uagb-block-5320a6b6 wp-block-uagb-image--layout-default wp-block-uagb-image--effect-static wp-block-uagb-image--align-center\"><figure class=\"wp-block-uagb-image__figure\"><img decoding=\"async\" srcset=\"https:\/\/priceless-sinoussi.217-160-21-24.plesk.page\/wp-content\/uploads\/2023\/11\/5.png ,https:\/\/priceless-sinoussi.217-160-21-24.plesk.page\/wp-content\/uploads\/2023\/11\/5.png 780w, https:\/\/priceless-sinoussi.217-160-21-24.plesk.page\/wp-content\/uploads\/2023\/11\/5.png 360w\" sizes=\"auto, (max-width: 480px) 150px\" src=\"https:\/\/priceless-sinoussi.217-160-21-24.plesk.page\/wp-content\/uploads\/2023\/11\/5.png\" alt=\"\" class=\"uag-image-1398\" width=\"177\" height=\"71\" title=\"\" loading=\"lazy\"\/><\/figure><\/div>\n<\/div>\n\n\n\n<div class=\"wp-block-uagb-container uagb-block-54a302eb\">\n<div class=\"wp-block-uagb-image aligncenter uagb-block-9d584c87 wp-block-uagb-image--layout-default wp-block-uagb-image--effect-static wp-block-uagb-image--align-center\"><figure class=\"wp-block-uagb-image__figure\"><img decoding=\"async\" srcset=\"https:\/\/priceless-sinoussi.217-160-21-24.plesk.page\/wp-content\/uploads\/2023\/11\/4.png ,https:\/\/priceless-sinoussi.217-160-21-24.plesk.page\/wp-content\/uploads\/2023\/11\/4.png 780w, https:\/\/priceless-sinoussi.217-160-21-24.plesk.page\/wp-content\/uploads\/2023\/11\/4.png 360w\" sizes=\"auto, (max-width: 480px) 150px\" src=\"https:\/\/priceless-sinoussi.217-160-21-24.plesk.page\/wp-content\/uploads\/2023\/11\/4.png\" alt=\"\" class=\"uag-image-1397\" width=\"182\" height=\"73\" title=\"\" loading=\"lazy\"\/><\/figure><\/div>\n<\/div>\n\n\n\n<div class=\"wp-block-uagb-container uagb-block-b26d1686\">\n<div class=\"wp-block-uagb-image aligncenter uagb-block-efcdc5e3 wp-block-uagb-image--layout-default wp-block-uagb-image--effect-static wp-block-uagb-image--align-center\"><figure class=\"wp-block-uagb-image__figure\"><img decoding=\"async\" srcset=\"https:\/\/priceless-sinoussi.217-160-21-24.plesk.page\/wp-content\/uploads\/2023\/11\/2.png ,https:\/\/priceless-sinoussi.217-160-21-24.plesk.page\/wp-content\/uploads\/2023\/11\/2.png 780w, https:\/\/priceless-sinoussi.217-160-21-24.plesk.page\/wp-content\/uploads\/2023\/11\/2.png 360w\" sizes=\"auto, (max-width: 480px) 150px\" src=\"https:\/\/priceless-sinoussi.217-160-21-24.plesk.page\/wp-content\/uploads\/2023\/11\/2.png\" alt=\"\" class=\"uag-image-1395\" width=\"175\" height=\"70\" title=\"\" loading=\"lazy\"\/><\/figure><\/div>\n<\/div>\n\n\n\n<div class=\"wp-block-uagb-container uagb-block-53ce9cac\">\n<div class=\"wp-block-uagb-image aligncenter uagb-block-f84de9e9 wp-block-uagb-image--layout-default wp-block-uagb-image--effect-static wp-block-uagb-image--align-center\"><figure class=\"wp-block-uagb-image__figure\"><img decoding=\"async\" srcset=\"https:\/\/priceless-sinoussi.217-160-21-24.plesk.page\/wp-content\/uploads\/2023\/11\/1.png ,https:\/\/priceless-sinoussi.217-160-21-24.plesk.page\/wp-content\/uploads\/2023\/11\/1.png 780w, https:\/\/priceless-sinoussi.217-160-21-24.plesk.page\/wp-content\/uploads\/2023\/11\/1.png 360w\" sizes=\"auto, (max-width: 480px) 150px\" src=\"https:\/\/priceless-sinoussi.217-160-21-24.plesk.page\/wp-content\/uploads\/2023\/11\/1.png\" alt=\"\" class=\"uag-image-1394\" width=\"158\" height=\"63\" title=\"\" loading=\"lazy\"\/><\/figure><\/div>\n<\/div>\n<\/div><\/div>\n<\/div><\/div>\n<\/div><\/div>\n\n\n\n<div data-aos= \"fade-up\" data-aos-duration=\"400\" data-aos-delay=\"0\" data-aos-easing=\"ease\" data-aos-once=\"true\" class=\"wp-block-uagb-container uagb-block-9caa1a47 alignfull uagb-is-root-container\"><div class=\"uagb-container-inner-blocks-wrap\">\n<div class=\"wp-block-uagb-advanced-heading uagb-block-1ed0e64e\"><h5 class=\"uagb-heading-text\">Encuentra tu soluci\u00f3n<\/h5><\/div>\n\n\n\n<div class=\"wp-block-uagb-advanced-heading uagb-block-3a57683f\"><h2 class=\"uagb-heading-text\">Cont\u00e1ctanos para m\u00e1s informaci\u00f3n<\/h2><\/div>\n\n\n\n<p class=\"has-text-align-center has-ast-global-color-5-color has-text-color has-link-color wp-elements-42c613277ef21bfb77e571c532fe77ee\">Almijocar SL es tu aliado en maquinaria agr\u00edcola, forestal y de jardiner\u00eda, ofreciendo productos de calidad y servicios de reparaci\u00f3n expertos. Explora nuestra gama en la tienda online o cont\u00e1ctanos para asesoramiento y mantenimiento personalizado. Tu eficiencia es nuestra prioridad.<\/p>\n\n\n\n<div class=\"wp-block-uagb-buttons uagb-buttons__outer-wrap uagb-btn__default-btn uagb-btn-tablet__default-btn uagb-btn-mobile__default-btn uagb-block-867f8a82 uag-hide-desktop uag-hide-tab\"><div class=\"uagb-buttons__wrap uagb-buttons-layout-wrap\">\n<div class=\"wp-block-uagb-buttons-child uagb-buttons__outer-wrap uagb-block-7a76c98a wp-block-button\"><div class=\"uagb-button__wrapper\"><a class=\"uagb-buttons-repeater wp-block-button__link\" href=\"https:\/\/priceless-sinoussi.217-160-21-24.plesk.page\/contacto\/\" onclick=\"return true;\" rel=\"follow noopener\" target=\"_self\"><div class=\"uagb-button__link\">cont\u00e1ctanos ahora<\/div><\/a><\/div><\/div>\n<\/div><\/div>\n\n\n\n<div class=\"wp-block-uagb-buttons uagb-buttons__outer-wrap uagb-btn__default-btn uagb-btn-tablet__default-btn uagb-btn-mobile__small-btn uagb-block-9979be0d uag-hide-mob\"><div class=\"uagb-buttons__wrap uagb-buttons-layout-wrap\">\n<div class=\"wp-block-uagb-buttons-child uagb-buttons__outer-wrap uagb-block-84fd34e5 wp-block-button\"><div class=\"uagb-button__wrapper\"><a class=\"uagb-buttons-repeater wp-block-button__link\" href=\"https:\/\/priceless-sinoussi.217-160-21-24.plesk.page\/contacto\/\" onclick=\"return true;\" rel=\"follow noopener\" target=\"_self\"><span class=\"uagb-button__icon uagb-button__icon-position-before\"><svg xmlns=\"https:\/\/www.w3.org\/2000\/svg\" viewBox=\"0 0 512 512\"><path d=\"M464 64C490.5 64 512 85.49 512 112C512 127.1 504.9 141.3 492.8 150.4L275.2 313.6C263.8 322.1 248.2 322.1 236.8 313.6L19.2 150.4C7.113 141.3 0 127.1 0 112C0 85.49 21.49 64 48 64H464zM217.6 339.2C240.4 356.3 271.6 356.3 294.4 339.2L512 176V384C512 419.3 483.3 448 448 448H64C28.65 448 0 419.3 0 384V176L217.6 339.2z\"><\/path><\/svg><\/span><div class=\"uagb-button__link\">cont\u00e1cnos<\/div><\/a><\/div><\/div>\n\n\n\n<div class=\"wp-block-uagb-buttons-child uagb-buttons__outer-wrap uagb-block-0e9cb02c wp-block-button\"><div class=\"uagb-button__wrapper\"><a class=\"uagb-buttons-repeater wp-block-button__link\" href=\"https:\/\/wa.link\/sj3lve\" onclick=\"return true;\" rel=\"follow noopener\" target=\"_self\"><span class=\"uagb-button__icon uagb-button__icon-position-before\"><svg xmlns=\"https:\/\/www.w3.org\/2000\/svg\" viewBox=\"0 0 448 512\"><path d=\"M380.9 97.1C339 55.1 283.2 32 223.9 32c-122.4 0-222 99.6-222 222 0 39.1 10.2 77.3 29.6 111L0 480l117.7-30.9c32.4 17.7 68.9 27 106.1 27h.1c122.3 0 224.1-99.6 224.1-222 0-59.3-25.2-115-67.1-157zm-157 341.6c-33.2 0-65.7-8.9-94-25.7l-6.7-4-69.8 18.3L72 359.2l-4.4-7c-18.5-29.4-28.2-63.3-28.2-98.2 0-101.7 82.8-184.5 184.6-184.5 49.3 0 95.6 19.2 130.4 54.1 34.8 34.9 56.2 81.2 56.1 130.5 0 101.8-84.9 184.6-186.6 184.6zm101.2-138.2c-5.5-2.8-32.8-16.2-37.9-18-5.1-1.9-8.8-2.8-12.5 2.8-3.7 5.6-14.3 18-17.6 21.8-3.2 3.7-6.5 4.2-12 1.4-32.6-16.3-54-29.1-75.5-66-5.7-9.8 5.7-9.1 16.3-30.3 1.8-3.7 .9-6.9-.5-9.7-1.4-2.8-12.5-30.1-17.1-41.2-4.5-10.8-9.1-9.3-12.5-9.5-3.2-.2-6.9-.2-10.6-.2-3.7 0-9.7 1.4-14.8 6.9-5.1 5.6-19.4 19-19.4 46.3 0 27.3 19.9 53.7 22.6 57.4 2.8 3.7 39.1 59.7 94.8 83.8 35.2 15.2 49 16.5 66.6 13.9 10.7-1.6 32.8-13.4 37.4-26.4 4.6-13 4.6-24.1 3.2-26.4-1.3-2.5-5-3.9-10.5-6.6z\"><\/path><\/svg><\/span><div class=\"uagb-button__link\">hablamos por whatsapp<\/div><\/a><\/div><\/div>\n<\/div><\/div>\n\n\n\n<div class=\"wp-block-uagb-advanced-heading uagb-block-838a0a13\"><div class=\"uagb-separator\"><\/div><h4 class=\"uagb-heading-text\">Te asesoramos: 886 143 383<\/h4><\/div>\n<\/div><\/div>\n","protected":false},"excerpt":{"rendered":"<p>Sobre nosotros Autenticidad y experiencia Qui\u00e9nes somos En Almijocar SL, somos una empresa con una larga trayectoria en la industria, dedicada a la venta y reparaci\u00f3n de maquinaria agr\u00edcola, forestal y de jardiner\u00eda. Estamos orgullosos de ser el Servicio de Asistencia T\u00e9cnica (SAT) oficial para m\u00faltiples marcas de renombre, incluyendo STIGA, CASTELGARDEN, OMEGA, MONTFIELD y [&hellip;]<\/p>\n","protected":false},"author":5,"featured_media":0,"parent":0,"menu_order":0,"comment_status":"closed","ping_status":"closed","template":"","meta":{"inline_featured_image":false,"_uag_custom_page_level_css":"","site-sidebar-layout":"default","site-content-layout":"plain-container","ast-site-content-layout":"normal-width-container","site-content-style":"unboxed","site-sidebar-style":"unboxed","ast-global-header-display":"","ast-banner-title-visibility":"disabled","ast-main-header-display":"","ast-hfb-above-header-display":"","ast-hfb-below-header-display":"","ast-hfb-mobile-header-display":"","site-post-title":"","ast-breadcrumbs-content":"","ast-featured-img":"","footer-sml-layout":"","ast-disable-related-posts":"","theme-transparent-header-meta":"","adv-header-id-meta":"","stick-header-meta":"","header-above-stick-meta":"","header-main-stick-meta":"","header-below-stick-meta":"","astra-migrate-meta-layouts":"set","ast-page-background-enabled":"default","ast-page-background-meta":{"desktop":{"background-color":"var(--ast-global-color-4)","background-image":"","background-repeat":"repeat","background-position":"center center","background-size":"auto","background-attachment":"scroll","background-type":"","background-media":"","overlay-type":"","overlay-color":"","overlay-opacity":"","overlay-gradient":""},"tablet":{"background-color":"","background-image":"","background-repeat":"repeat","background-position":"center center","background-size":"auto","background-attachment":"scroll","background-type":"","background-media":"","overlay-type":"","overlay-color":"","overlay-opacity":"","overlay-gradient":""},"mobile":{"background-color":"","background-image":"","background-repeat":"repeat","background-position":"center center","background-size":"auto","background-attachment":"scroll","background-type":"","background-media":"","overlay-type":"","overlay-color":"","overlay-opacity":"","overlay-gradient":""}},"ast-content-background-meta":{"desktop":{"background-color":"var(--ast-global-color-5)","background-image":"","background-repeat":"repeat","background-position":"center center","background-size":"auto","background-attachment":"scroll","background-type":"","background-media":"","overlay-type":"","overlay-color":"","overlay-opacity":"","overlay-gradient":""},"tablet":{"background-color":"var(--ast-global-color-5)","background-image":"","background-repeat":"repeat","background-position":"center center","background-size":"auto","background-attachment":"scroll","background-type":"","background-media":"","overlay-type":"","overlay-color":"","overlay-opacity":"","overlay-gradient":""},"mobile":{"background-color":"var(--ast-global-color-5)","background-image":"","background-repeat":"repeat","background-position":"center center","background-size":"auto","background-attachment":"scroll","background-type":"","background-media":"","overlay-type":"","overlay-color":"","overlay-opacity":"","overlay-gradient":""}},"_joinchat":[],"footnotes":""},"class_list":["post-16","page","type-page","status-publish","hentry"],"uagb_featured_image_src":{"full":false,"thumbnail":false,"medium":false,"medium_large":false,"large":false,"1536x1536":false,"2048x2048":false,"woocommerce_thumbnail":false,"woocommerce_single":false,"woocommerce_gallery_thumbnail":false},"uagb_author_info":{"display_name":"javi","author_link":"https:\/\/priceless-sinoussi.217-160-21-24.plesk.page\/author\/javi"},"uagb_comment_info":0,"uagb_excerpt":"Sobre nosotros Autenticidad y experiencia Qui\u00e9nes somos En Almijocar SL, somos una empresa con una larga trayectoria en la industria, dedicada a la venta y reparaci\u00f3n de maquinaria agr\u00edcola, forestal y de jardiner\u00eda. Estamos orgullosos de ser el Servicio de Asistencia T\u00e9cnica (SAT) oficial para m\u00faltiples marcas de renombre, incluyendo STIGA, CASTELGARDEN, OMEGA, MONTFIELD y&hellip;","_links":{"self":[{"href":"https:\/\/priceless-sinoussi.217-160-21-24.plesk.page\/index.php?rest_route=\/wp\/v2\/pages\/16","targetHints":{"allow":["GET"]}}],"collection":[{"href":"https:\/\/priceless-sinoussi.217-160-21-24.plesk.page\/index.php?rest_route=\/wp\/v2\/pages"}],"about":[{"href":"https:\/\/priceless-sinoussi.217-160-21-24.plesk.page\/index.php?rest_route=\/wp\/v2\/types\/page"}],"author":[{"embeddable":true,"href":"https:\/\/priceless-sinoussi.217-160-21-24.plesk.page\/index.php?rest_route=\/wp\/v2\/users\/5"}],"replies":[{"embeddable":true,"href":"https:\/\/priceless-sinoussi.217-160-21-24.plesk.page\/index.php?rest_route=%2Fwp%2Fv2%2Fcomments&post=16"}],"version-history":[{"count":0,"href":"https:\/\/priceless-sinoussi.217-160-21-24.plesk.page\/index.php?rest_route=\/wp\/v2\/pages\/16\/revisions"}],"wp:attachment":[{"href":"https:\/\/priceless-sinoussi.217-160-21-24.plesk.page\/index.php?rest_route=%2Fwp%2Fv2%2Fmedia&parent=16"}],"curies":[{"name":"wp","href":"https:\/\/api.w.org\/{rel}","templated":true}]}}