{"id":1464,"date":"2024-01-05T13:06:55","date_gmt":"2024-01-05T13:06:55","guid":{"rendered":"https:\/\/priceless-sinoussi.217-160-21-24.plesk.page\/?page_id=1464"},"modified":"2024-01-05T13:06:57","modified_gmt":"2024-01-05T13:06:57","slug":"reembolso_devoluciones","status":"publish","type":"page","link":"https:\/\/priceless-sinoussi.217-160-21-24.plesk.page\/?page_id=1464","title":{"rendered":"Pol\u00edtica de devoluciones y reembolsos"},"content":{"rendered":"\n<p>Las condiciones de venta y la pol\u00edtica de devoluciones son las dispuestas en las condiciones generales de venta online de <strong>ALMIJOCAR .L.<\/strong><\/p>\n\n\n\n<p><strong>DATOS&nbsp;<\/strong><\/p>\n\n\n\n<p><strong>Nombre comercial:<\/strong> ALMIJOCAR S.L.<\/p>\n\n\n\n<p><strong>C.I.F:<\/strong> B67980581<\/p>\n\n\n\n<p><strong>Direcci\u00f3n:<\/strong> CAMI\u00d1O DO COVELO 23, TAMEIGA, 36416 MOS, PONTEVEDRA<\/p>\n\n\n\n<p><strong>Tel\u00e9fonos:<\/strong> 886 143 383<\/p>\n\n\n\n<p><strong>Email:<\/strong> almijocarrecambios@gmail.com<\/p>\n\n\n\n<p><strong>Condiciones generales:<\/strong><\/p>\n\n\n\n<p>Para la realizaci\u00f3n de un pedido en <strong>ALMIJOCAR S.L. <\/strong>no es necesario estar registrado en la web. Todos los pedidos de productos aceptados por <strong>ALMIJOCAR S.L. <\/strong>lo son de acuerdo con las siguientes Condiciones Generales de Venta que formar\u00e1n parte del Contrato de Venta. La aceptaci\u00f3n de los productos implica la aceptaci\u00f3n de estas Condiciones Generales de Venta. Ning\u00fan agente, comercial o representante de <strong>ALMIJOCAR S.L. <\/strong>tiene autoridad para variar estas condiciones a no ser con autorizaci\u00f3n por escrito de <strong>ALMIJOCAR S.L.<\/strong><\/p>\n\n\n\n<p><strong>A \u2013 PRECIOS Y PAGOS<\/strong><\/p>\n\n\n\n<p>Los precios reflejados en nuestra la web de <strong>ALMIJOCAR S.L. <\/strong>incluyen el I.V.A. en el resumen de compra final. <strong>ALMIJOCAR S.L. <\/strong>se reserva el derecho de variar el precio de los art\u00edculos sin previo aviso de acuerdo con las condiciones del mercado. Los precios publicados en nuestro cat\u00e1logo no constituyen una oferta y por lo tanto obligaci\u00f3n de ser suministrados a dicho precio en todos los casos. Todas las facturas \/ albaranes de compra son pagaderas a la fecha mostrada en las mismas. El pago deber\u00e1 ser efectuado por el medio indicado a la hora del pedido y en \u20ac euros.<\/p>\n\n\n\n<p><strong>B \u2013 DISPONIBILIDAD DE PRODUCTOS<\/strong><\/p>\n\n\n\n<p><strong>ALMIJOCAR S.L. <\/strong>utilizar\u00e1 sus mejores recursos para cumplir con las fechas pactadas de entrega, pero \u00e9stas no ser\u00e1n m\u00e1s que estimaciones, por lo que no afectar\u00e1n a la naturaleza de este contrato. Si alguno de los productos no est\u00e1 disponible en el momento del pedido autom\u00e1ticamente nos aprovisionamos del mismo con la mayor brevedad posible para poder realizar el env\u00edo. Si el aprovisionamiento se retrasa por errores en el control de stock por parte de los fabricantes o proveedores, comunicaremos con el cliente lo antes posible para informarle de qu\u00e9 productos ralentizan el env\u00edo y su posible soluci\u00f3n.<\/p>\n\n\n\n<p><strong>C \u2013 PROPIEDAD Y RIESGO<\/strong><\/p>\n\n\n\n<p>C.1 \u2013 Todos los productos permanecer\u00e1n en propiedad <strong>ALMIJOCAR S.L. <\/strong>hasta que no se vea satisfecho el pago total del importe de los mismos.<\/p>\n\n\n\n<p><strong>D \u2013 VARIACI\u00d3N DE DISE\u00d1O, ESPECIFICACIONES O CONTENIDO<\/strong><\/p>\n\n\n\n<p>Aunque <strong>ALMIJOCAR S.L. <\/strong>har\u00e1 todo lo que est\u00e9 en sus manos para garantizar que el producto suministrado corresponda exactamente en todos los aspectos al ofertado en nuestro cat\u00e1logo, se pueden producir variaciones menores en las especificaciones, contenido del paquete, los colores o dise\u00f1o, provocados por los continuos cambios a los que los fabricantes someten a sus productos, variaciones que no habilitar\u00e1n al comprador a rescindir este contrato.<\/p>\n\n\n\n<p><strong>E \u2013 RECLAMACIONES<\/strong><\/p>\n\n\n\n<p>E.1 \u2013 No se admitir\u00e1n ni habr\u00e1 responsabilidad de da\u00f1os (incluyendo los ocasionados durante el transporte) o fallos en el funcionamiento de los productos a no ser que el comprador lo notifique v\u00eda e-mail al vendedor antes de las 24 horas posteriores a la fecha de recepci\u00f3n de los productos.<\/p>\n\n\n\n<p>E.2 \u2013 No se admitir\u00e1n reclamaciones ni habr\u00e1 responsabilidad por productos que difieran en cantidad o especificaciones de los dados al comprador a no ser que el comprador lo notifique v\u00eda e-mail antes de los 7 d\u00edas siguientes a la fecha de recepci\u00f3n de los mismos.<\/p>\n\n\n\n<p>E.3 \u2013 En el caso de fabricantes que ofrecen servicios de soporte y garant\u00eda directas, el comprador acepta la obligaci\u00f3n de dirigirse a ellos en caso de cualquier reclamaci\u00f3n.<\/p>\n\n\n\n<p><strong>F \u2013 ENVIOS<\/strong><\/p>\n\n\n\n<p>F.1 \u2013 Los gastos de env\u00edo var\u00edan seg\u00fan las zonas y el producto\/s seleccionado\/s por parte del comprador, reflej\u00e1ndose dichos gastos en la finalizaci\u00f3n de la compra una vez introducida la direcci\u00f3n de env\u00edo, de forma detallada y los m\u00e9todos disponibles de env\u00edos o entrega.<\/p>\n\n\n\n<p><strong>G \u2013 PLAZOS DE ENTREGA<\/strong><\/p>\n\n\n\n<p>G.1 \u2013 El plazo de entrega puede variar en funci\u00f3n de la disponibilidad de los productos. Para los productos en stock, el plazo de entrega habitual es de 1 a 7 d\u00edas laborales aproximadamente.<\/p>\n\n\n\n<p>En cualquier caso, el env\u00edo se procesa a la mayor brevedad posible en l\u00f3gico inter\u00e9s de ambas partes.<\/p>\n\n\n\n<p>G.2 \u2013 En el caso de pedidos de varios productos se proceder\u00e1 a realizar un \u00fanico env\u00edo cuando est\u00e9 disponible todo el material, excepto en el en el caso de que el cliente nos indique de forma expresa lo contrario.<\/p>\n\n\n\n<p>G.3 \u2013 Aquellos productos que no se encuentren en stock se le facilitar\u00e1 al comprador, mediante correo electr\u00f3nico o llamada telef\u00f3nica, el plazo de entrega aproximado que el fabricante o proveedor nos haya comunicado, y se le mantendr\u00e1 informado de cualquier variaci\u00f3n que pueda surgir de dicho plazo.<\/p>\n\n\n\n<p><strong>H \u2013 DEVOLUCIONES Y GARANTIA<\/strong><\/p>\n\n\n\n<p>H.1 \u2013 Si por cualquier raz\u00f3n no queda satisfecho con los art\u00edculos adquiridos en <strong>ALMIJOCAR S.L. <\/strong>dispone de 14 d\u00edas naturales, desde el d\u00eda de la entrega para proceder a su devoluci\u00f3n. El cliente deber\u00e1 comunicar que va a proceder a la devoluci\u00f3n de uno o varios art\u00edculos dentro del plazo estipulado y por cualquiera de los medios admitidos, v\u00eda e-mail. El pedido devuelto deber\u00e1 ser entregado junto con el albar\u00e1n de entrega y en su caso factura emitida a <strong>ALMIJOCAR S.L.<\/strong> siendo el cliente quien asuma los gastos de la devoluci\u00f3n efectuada.<\/p>\n\n\n\n<p>El cliente podr\u00e1 devolver cualquier art\u00edculo que haya comprado siempre que los productos no hayan sido abiertos ni usados y conserven su precinto o embalaje original. En estos casos, <strong>ALMIJOCAR S.L.<\/strong> devolver\u00e1 el dinero de la compra a trav\u00e9s de un abono en la tarjeta de cr\u00e9dito o mediante una transferencia bancaria a la cuenta indicada por el cliente.<\/p>\n\n\n\n<p>Si un art\u00edculo devuelto no cumpliera con estos requisitos, <strong>ALMIJOCAR S.L. <\/strong>no reintegrar\u00e1 su precio al cliente. El art\u00edculo ser\u00e1 devuelto de nuevo al cliente, corriendo los gastos de su cuenta.<\/p>\n\n\n\n<p>Si alg\u00fan art\u00edculo adquirido a trav\u00e9s de esta tienda online no funciona correctamente, le sugerimos que en primer lugar lea el manual de instrucciones del mismo. En ocasiones estos manuales proporcionan informaci\u00f3n sobre c\u00f3mo resolver problemas y c\u00f3mo empezar a utilizar el producto. Si necesita ayuda adicional, le faltan accesorios o partes del producto, o necesita informaci\u00f3n sobre la garant\u00eda del mismo, le recomendamos contactar directamente con el fabricante. Si despu\u00e9s de haberse puesto en contacto con \u00e9l, el problema contin\u00faa sin resolverse, puede ponerse en contacto con <strong>ALMIJOCAR S.L.<\/strong><\/p>\n\n\n\n<p>H.2 \u2013 En el caso de que el env\u00edo no llegue en perfectas condiciones o que haya habido un error por parte de <strong>ALMIJOCAR S.L.<\/strong> El cliente tendr\u00e1 derecho a solicitar que se le reenv\u00ede el producto sin coste adicional por su parte, una vez el producto haya sido devuelto a nuestras instalaciones y se haya comprobado la incidencia. En el caso de que el env\u00edo haya sufrido da\u00f1os durante el transporte, el cliente deber\u00e1 comunicar dicha situaci\u00f3n a <strong>ALMIJOCAR S.L. <\/strong>antes de las 24 horas naturales posteriores a su recepci\u00f3n. En este caso, se iniciar\u00e1 el procedimiento de reclamaci\u00f3n a la compa\u00f1\u00eda de transportes para sustituir la mercanc\u00eda da\u00f1ada sin cargo adicional al cliente.<\/p>\n\n\n\n<p>H.3 \u2013 Los defectos de fabricaci\u00f3n o el mal funcionamiento de los productos quedan amparados por la garant\u00eda del fabricante. No obstante, <strong>ALMIJOCAR S.L. <\/strong>facilitar\u00e1 y acelerar\u00e1 en la medida de lo posible la tramitaci\u00f3n de dicha garant\u00eda y en los casos que sea posible, proceder\u00e1 a la sustituci\u00f3n de los mismos sin necesidad de esperar la respuesta del fabricante o proveedor.<\/p>\n","protected":false},"excerpt":{"rendered":"<p>Las condiciones de venta y la pol\u00edtica de devoluciones son las dispuestas en las condiciones generales de venta online de ALMIJOCAR .L. DATOS&nbsp; Nombre comercial: ALMIJOCAR S.L. C.I.F: B67980581 Direcci\u00f3n: CAMI\u00d1O DO COVELO 23, TAMEIGA, 36416 MOS, PONTEVEDRA Tel\u00e9fonos: 886 143 383 Email: almijocarrecambios@gmail.com Condiciones generales: Para la realizaci\u00f3n de un pedido en ALMIJOCAR S.L. [&hellip;]<\/p>\n","protected":false},"author":1,"featured_media":0,"parent":0,"menu_order":0,"comment_status":"closed","ping_status":"closed","template":"","meta":{"inline_featured_image":false,"_uag_custom_page_level_css":"","site-sidebar-layout":"default","site-content-layout":"","ast-site-content-layout":"default","site-content-style":"default","site-sidebar-style":"default","ast-global-header-display":"","ast-banner-title-visibility":"","ast-main-header-display":"","ast-hfb-above-header-display":"","ast-hfb-below-header-display":"","ast-hfb-mobile-header-display":"","site-post-title":"","ast-breadcrumbs-content":"","ast-featured-img":"","footer-sml-layout":"","ast-disable-related-posts":"","theme-transparent-header-meta":"","adv-header-id-meta":"","stick-header-meta":"","header-above-stick-meta":"","header-main-stick-meta":"","header-below-stick-meta":"","astra-migrate-meta-layouts":"set","ast-page-background-enabled":"default","ast-page-background-meta":{"desktop":{"background-color":"var(--ast-global-color-4)","background-image":"","background-repeat":"repeat","background-position":"center center","background-size":"auto","background-attachment":"scroll","background-type":"","background-media":"","overlay-type":"","overlay-color":"","overlay-opacity":"","overlay-gradient":""},"tablet":{"background-color":"","background-image":"","background-repeat":"repeat","background-position":"center center","background-size":"auto","background-attachment":"scroll","background-type":"","background-media":"","overlay-type":"","overlay-color":"","overlay-opacity":"","overlay-gradient":""},"mobile":{"background-color":"","background-image":"","background-repeat":"repeat","background-position":"center center","background-size":"auto","background-attachment":"scroll","background-type":"","background-media":"","overlay-type":"","overlay-color":"","overlay-opacity":"","overlay-gradient":""}},"ast-content-background-meta":{"desktop":{"background-color":"var(--ast-global-color-5)","background-image":"","background-repeat":"repeat","background-position":"center center","background-size":"auto","background-attachment":"scroll","background-type":"","background-media":"","overlay-type":"","overlay-color":"","overlay-opacity":"","overlay-gradient":""},"tablet":{"background-color":"var(--ast-global-color-5)","background-image":"","background-repeat":"repeat","background-position":"center center","background-size":"auto","background-attachment":"scroll","background-type":"","background-media":"","overlay-type":"","overlay-color":"","overlay-opacity":"","overlay-gradient":""},"mobile":{"background-color":"var(--ast-global-color-5)","background-image":"","background-repeat":"repeat","background-position":"center center","background-size":"auto","background-attachment":"scroll","background-type":"","background-media":"","overlay-type":"","overlay-color":"","overlay-opacity":"","overlay-gradient":""}},"_joinchat":[],"footnotes":""},"class_list":["post-1464","page","type-page","status-publish","hentry"],"uagb_featured_image_src":{"full":false,"thumbnail":false,"medium":false,"medium_large":false,"large":false,"1536x1536":false,"2048x2048":false,"woocommerce_thumbnail":false,"woocommerce_single":false,"woocommerce_gallery_thumbnail":false},"uagb_author_info":{"display_name":"","author_link":"https:\/\/priceless-sinoussi.217-160-21-24.plesk.page\/author"},"uagb_comment_info":0,"uagb_excerpt":"Las condiciones de venta y la pol\u00edtica de devoluciones son las dispuestas en las condiciones generales de venta online de ALMIJOCAR .L. DATOS&nbsp; Nombre comercial: ALMIJOCAR S.L. C.I.F: B67980581 Direcci\u00f3n: CAMI\u00d1O DO COVELO 23, TAMEIGA, 36416 MOS, PONTEVEDRA Tel\u00e9fonos: 886 143 383 Email: almijocarrecambios@gmail.com Condiciones generales: Para la realizaci\u00f3n de un pedido en ALMIJOCAR S.L.&hellip;","_links":{"self":[{"href":"https:\/\/priceless-sinoussi.217-160-21-24.plesk.page\/index.php?rest_route=\/wp\/v2\/pages\/1464","targetHints":{"allow":["GET"]}}],"collection":[{"href":"https:\/\/priceless-sinoussi.217-160-21-24.plesk.page\/index.php?rest_route=\/wp\/v2\/pages"}],"about":[{"href":"https:\/\/priceless-sinoussi.217-160-21-24.plesk.page\/index.php?rest_route=\/wp\/v2\/types\/page"}],"author":[{"embeddable":true,"href":"https:\/\/priceless-sinoussi.217-160-21-24.plesk.page\/index.php?rest_route=\/wp\/v2\/users\/1"}],"replies":[{"embeddable":true,"href":"https:\/\/priceless-sinoussi.217-160-21-24.plesk.page\/index.php?rest_route=%2Fwp%2Fv2%2Fcomments&post=1464"}],"version-history":[{"count":1,"href":"https:\/\/priceless-sinoussi.217-160-21-24.plesk.page\/index.php?rest_route=\/wp\/v2\/pages\/1464\/revisions"}],"predecessor-version":[{"id":2052,"href":"https:\/\/priceless-sinoussi.217-160-21-24.plesk.page\/index.php?rest_route=\/wp\/v2\/pages\/1464\/revisions\/2052"}],"wp:attachment":[{"href":"https:\/\/priceless-sinoussi.217-160-21-24.plesk.page\/index.php?rest_route=%2Fwp%2Fv2%2Fmedia&parent=1464"}],"curies":[{"name":"wp","href":"https:\/\/api.w.org\/{rel}","templated":true}]}}